{"id":667,"date":"2025-01-07T07:57:38","date_gmt":"2025-01-07T12:57:38","guid":{"rendered":"https:\/\/southeastdivers.com\/?page_id=667"},"modified":"2025-03-28T09:45:02","modified_gmt":"2025-03-28T14:45:02","slug":"about-us","status":"publish","type":"page","link":"https:\/\/southeastdivers.com\/es\/about-us\/","title":{"rendered":"Deja que nuestro profesionalismo te gu\u00ede a trav\u00e9s de tu mejor experiencia de buceo en Puerto Morelos y el lado sureste de M\u00e9xico."},"content":{"rendered":"<h2 class=\"wp-block-heading\">Sobre SouthEast Divers<\/h2>\n\n\n\n<p>Somos un centro de buceo ubicado en el hermoso Caribe mexicano: espec\u00edficamente en Puerto Morelos; decidimos establecer nuestro centro de buceo aqu\u00ed porque tenemos todo lo que amamos: inmersiones en arrecifes, naufragios, cavernas, cuevas y cenotes; ofrecemos inmersiones divertidas y cursos de buceo; deja que nuestro profesionalismo te gu\u00ede a trav\u00e9s de tu mejor experiencia de buceo en Puerto Morelos y el sureste de M\u00e9xico.<\/p>\n\n\n\n<p><\/p>","protected":false},"excerpt":{"rendered":"<p>About SouthEast Divers We are a dive center located in the beautiful Mexican Caribbean: specifically in Puerto Morelos; we decided to establish our dive center here because we have everything we love: reef dives, shipwreck, cavern, caves and cenotes; we offer fun dives and diving courses; let our professionalism lead you trough your best diving [&hellip;]<\/p>\n","protected":false},"author":1,"featured_media":0,"parent":0,"menu_order":0,"comment_status":"closed","ping_status":"closed","template":"wp-custom-template-about-us","meta":{"footnotes":""},"class_list":["post-667","page","type-page","status-publish","hentry"],"_links":{"self":[{"href":"https:\/\/southeastdivers.com\/es\/wp-json\/wp\/v2\/pages\/667","targetHints":{"allow":["GET"]}}],"collection":[{"href":"https:\/\/southeastdivers.com\/es\/wp-json\/wp\/v2\/pages"}],"about":[{"href":"https:\/\/southeastdivers.com\/es\/wp-json\/wp\/v2\/types\/page"}],"author":[{"embeddable":true,"href":"https:\/\/southeastdivers.com\/es\/wp-json\/wp\/v2\/users\/1"}],"replies":[{"embeddable":true,"href":"https:\/\/southeastdivers.com\/es\/wp-json\/wp\/v2\/comments?post=667"}],"version-history":[{"count":5,"href":"https:\/\/southeastdivers.com\/es\/wp-json\/wp\/v2\/pages\/667\/revisions"}],"predecessor-version":[{"id":1247,"href":"https:\/\/southeastdivers.com\/es\/wp-json\/wp\/v2\/pages\/667\/revisions\/1247"}],"wp:attachment":[{"href":"https:\/\/southeastdivers.com\/es\/wp-json\/wp\/v2\/media?parent=667"}],"curies":[{"name":"wp","href":"https:\/\/api.w.org\/{rel}","templated":true}]}}