{"id":2099,"date":"2026-02-01T13:56:38","date_gmt":"2026-02-01T18:56:38","guid":{"rendered":"https:\/\/southeastdivers.com\/?page_id=2099"},"modified":"2026-02-02T15:21:58","modified_gmt":"2026-02-02T20:21:58","slug":"cenote-diving-puerto-morelos","status":"publish","type":"page","link":"https:\/\/southeastdivers.com\/es\/cenote-diving-puerto-morelos\/","title":{"rendered":"Buceo en Cenotes Puerto Morelos"},"content":{"rendered":"<h2 class=\"wp-block-heading\">Donde el tiempo se detiene y tu sales transformado<\/h2>\n\n\n\n<h2 class=\"wp-block-heading\">Hay experiencias que no se explican, se sienten.<\/h2>\n\n\n\n<p>Un cenote es una caverna natural de agua dulce, escondida dentro de la selva, donde la luz del sol, el agua cristalina y las antiguas formaciones rocosas crean un mundo submarino verdaderamente \u00fanico. Bucear en un cenote ofrece una visibilidad perfecta, una calma absoluta y un profundo sentido de conexi\u00f3n. No es solo una inmersi\u00f3n, es una experiencia que ralentiza tu mente, agudiza tu conciencia y te deja transformado.<\/p>\n\n\n\n<p>El agua es incre\u00edblemente clara, tan pr\u00edstina que se siente como volar por el aire. Cada respiraci\u00f3n se vuelve intencional, cada movimiento lento y controlado. El tiempo pierde significado. Tu mente se calma. Tu enfoque se agudiza.\u00a0<strong>Dejas el cenote diferente de la forma en que entraste<\/strong>\u00a0\u2014 M\u00e1s presente, m\u00e1s conectado, m\u00e1s vivo.<\/p>\n\n\n\n<h2 class=\"wp-block-heading\">Muchos de nuestros buzos nos dicen lo mismo despu\u00e9s de salir a la superficie:<\/h2>\n\n\n\n<blockquote class=\"wp-block-quote is-layout-flow wp-block-quote-is-layout-flow\">\n<p><em>\"Nunca he sentido algo as\u00ed bajo el agua\".<\/em><\/p>\n\n\n\n<h2 class=\"wp-block-heading\">Saldr\u00e1s a la superficie cambiado<\/h2>\n\n\n\n<p>Saliendo de Puerto Morelos, ir\u00e1s en nuestra camioneta de camino a la selva directamente al cenote; sum\u00e9rgete en el mundo maya en dos experiencias diferentes: <strong>Cenotes Profundos y Cenotes de tipo Caverna<\/strong>.<\/p>\n\n\n\n<p>El buceo en cenote es accesible para los buceadores certificados, pero la experiencia va mucho m\u00e1s all\u00e1 del nivel de certificaci\u00f3n. No se trata de profundidad o de empujar los l\u00edmites. Se trata de\u00a0<strong>Confianza, control y conexi\u00f3n<\/strong>.<\/p>\n\n\n\n<p>Guiado por profesionales altamente capacitados, exploras cavernas espaciosas, seguras y cuidadosamente seleccionadas. Aprendes a moverte con precisi\u00f3n, a flotar sin esfuerzo y a respetar un entorno que es a la vez sagrado y fr\u00e1gil. Cada inmersi\u00f3n te ense\u00f1a algo nuevo<\/p>\n\n\n\n<h2 class=\"wp-block-heading\">\u00bfQu\u00e9 necesitas?<\/h2>\n\n\n\n<h2 class=\"wp-block-heading\">Cenote tipo Caverna<\/h2>\n\n\n\n<p>Si quieres dominar tu flotabilidad, actualizar tus habilidades u obtener tu certificaci\u00f3n de buceo profundo, reg\u00edstrate en uno de nuestros\u00a0<a href=\"https:\/\/southeastdivers.com\/es\/ssi-diving-specialties\/\">Programas de especialidad SSI:<\/a>: Flotabilidad perfecta, actualizaci\u00f3n de buceo, buceo profundo o buceo avanzado y prep\u00e1rate para saltar al agua.<\/p>\n\n\n\n<h2 class=\"wp-block-heading\">PORQUE ENTENDEMOS QUE ESTA NO ES SOLO OTRA ACTIVIDAD EN TUS VACACIONES<\/h2>\n\n\n\n<p><em>Es un momento que recordar\u00e1s por el resto de tu vida.<\/em><\/p>\n\n\n\n<p>Te llevamos a\u00a0<strong>Cenotes \u00fanicos en el Caribe mexicano<\/strong> con grupos peque\u00f1os asegurando una experiencia personalizada, tranquila y segura donde nuestros gu\u00edas no solo lideran la inmersi\u00f3n,\u00a0<strong>ellos gu\u00edan la experiencia<\/strong>, ofreciendo conocimiento, conciencia y apoyo constante.<\/p>\n\n\n\n<p>Equipo de buceo completo que incluye computadora de buceo y linterna, transporte, tarifa de entrada al cenote, gu\u00eda, almuerzo incluido.<\/p>\n<\/blockquote>","protected":false},"excerpt":{"rendered":"<p>Where time stands still and you leave transformed Some experiences can\u2019t truly be explained: they must be felt. A cenote is a natural freshwater cave, hidden within the jungle, where sunlight, crystal-clear water, and ancient rock formations create a truly unique underwater world. Diving in a cenote offers perfect visibility, absolute calm, and a deep [&hellip;]<\/p>\n","protected":false},"author":1,"featured_media":0,"parent":0,"menu_order":0,"comment_status":"closed","ping_status":"closed","template":"buceo-en-cenotes","meta":{"footnotes":""},"class_list":["post-2099","page","type-page","status-publish","hentry"],"_links":{"self":[{"href":"https:\/\/southeastdivers.com\/es\/wp-json\/wp\/v2\/pages\/2099","targetHints":{"allow":["GET"]}}],"collection":[{"href":"https:\/\/southeastdivers.com\/es\/wp-json\/wp\/v2\/pages"}],"about":[{"href":"https:\/\/southeastdivers.com\/es\/wp-json\/wp\/v2\/types\/page"}],"author":[{"embeddable":true,"href":"https:\/\/southeastdivers.com\/es\/wp-json\/wp\/v2\/users\/1"}],"replies":[{"embeddable":true,"href":"https:\/\/southeastdivers.com\/es\/wp-json\/wp\/v2\/comments?post=2099"}],"version-history":[{"count":4,"href":"https:\/\/southeastdivers.com\/es\/wp-json\/wp\/v2\/pages\/2099\/revisions"}],"predecessor-version":[{"id":2150,"href":"https:\/\/southeastdivers.com\/es\/wp-json\/wp\/v2\/pages\/2099\/revisions\/2150"}],"wp:attachment":[{"href":"https:\/\/southeastdivers.com\/es\/wp-json\/wp\/v2\/media?parent=2099"}],"curies":[{"name":"wp","href":"https:\/\/api.w.org\/{rel}","templated":true}]}}