{"id":1700,"date":"2025-09-23T10:27:05","date_gmt":"2025-09-23T15:27:05","guid":{"rendered":"https:\/\/southeastdivers.com\/?page_id=1700"},"modified":"2025-09-29T16:33:39","modified_gmt":"2025-09-29T21:33:39","slug":"coral-reef-restoration-course-puerto-morelos","status":"publish","type":"page","link":"https:\/\/southeastdivers.com\/es\/coral-reef-restoration-course-puerto-morelos\/","title":{"rendered":"Protege el oc\u00e9ano con este curso de Restauraci\u00f3n de Arrecifes de Coral"},"content":{"rendered":"<h2 class=\"wp-block-heading\">CORAL REEF RESTORATION COURSE PUERTO MORELOS<\/h2>\n\n\n\n<h2 class=\"wp-block-heading\">OBT\u00c9N TU CERTIFICACI\u00d3N PARA CONSTRUIR UN MUNDO DE ESPERANZA<\/h2>\n\n\n\n<p>Sign up for this Coral Reef Restoration SSI specialty program and give your dives a purpose. Learn about the importance of coral reefs and how to help them with restoration and maintenance techniques in real Staghorn coral (Acropora cervicornis) nurseries in the beautiful bay of Akumal to finally obtain your SSI Coral Reef Restoration certification.<\/p>\n\n\n\n<h2 class=\"wp-block-heading\">T\u00e9cnicas de restauraci\u00f3n y siembra de coral<\/h2>\n\n\n\n<p>Ahora puedes experimentar y contribuir a la misi\u00f3n de la restauraci\u00f3n de los arrecifes de coral; aprende de la mano de expertos con clases te\u00f3ricas y pr\u00e1cticas y prep\u00e1rate para aplicar tus conocimientos en el mar.<\/p>\n\n\n\n<h2 class=\"wp-block-heading\">TRAYENDO DE VUELTA EL ARRECIFE DE CORAL<\/h2>\n\n\n\n<h2 class=\"wp-block-heading\">Programa de restauraci\u00f3n<\/h2>\n\n\n\n<p><strong>D\u00eda 1:<\/strong> sesi\u00f3n de teor\u00eda en nuestro sal\u00f3n de clases y buceo pr\u00e1ctico desde playa en Puerto Morelos<\/p>\n\n\n\n<p><strong>D\u00eda 2:<\/strong> Prep\u00e1rate para ir a Akumal con el equipo; vas a hacer dos inmersiones en barco a viveros de coral Acropora cervicornis reales donde pondr\u00e1s en pr\u00e1ctica lo que has aprendido ayudando con tareas de limpieza o plantaci\u00f3n seg\u00fan la temporada.<\/p>\n\n\n\n<h2 class=\"wp-block-heading\">\u00bfQU\u00c9 NECESITAS?<\/h2>\n\n\n\n<p>The tasks require being close to the reef without damaging it, so +20 logged dives, excellent buoyancy and trim control are essential, in the practice water session you must demonstrate your skills. If you want to master your buoyancy or refresh your skills, sign up for one of our <a href=\"https:\/\/southeastdivers.com\/es\/ssi-diving-specialties\/\" data-type=\"page\" data-id=\"1565\">Programas de especialidad SSI:<\/a>Flotabilidad Perfecta o Actualizaci\u00f3n de Buceo y prep\u00e1rate para sumergirte.<\/p>\n\n\n\n<h2 class=\"wp-block-heading\">VU\u00c9LVETE PARTE DEL EQUIPO DE RESTAURACI\u00d3N<\/h2>\n\n\n\n<p>Tu esfuerzo ser\u00e1 reconocido con una exclusiva Certificaci\u00f3n de Especialidad de Restauraci\u00f3n de Arrecifes de Coral SSI y con ella, podr\u00e1s unirte a nosotros continuamente en las expediciones de mantenimiento y plantaci\u00f3n de coral en Akumal.<\/p>","protected":false},"excerpt":{"rendered":"<p>CORAL REEF RESTORATION COURSE PUERTO MORELOS GET CERTIFIED FOR BUILD A WORLD OF HOPE Sign up for this Coral Reef Restoration SSI specialty program and give your dives a purpose. Learn about the importance of coral reefs and how to help them with restoration and maintenance techniques in real Staghorn coral (Acropora cervicornis) nurseries in [&hellip;]<\/p>\n","protected":false},"author":1,"featured_media":0,"parent":0,"menu_order":0,"comment_status":"closed","ping_status":"closed","template":"wp-custom-template-coral-reef-restoration","meta":{"footnotes":""},"class_list":["post-1700","page","type-page","status-publish","hentry"],"_links":{"self":[{"href":"https:\/\/southeastdivers.com\/es\/wp-json\/wp\/v2\/pages\/1700","targetHints":{"allow":["GET"]}}],"collection":[{"href":"https:\/\/southeastdivers.com\/es\/wp-json\/wp\/v2\/pages"}],"about":[{"href":"https:\/\/southeastdivers.com\/es\/wp-json\/wp\/v2\/types\/page"}],"author":[{"embeddable":true,"href":"https:\/\/southeastdivers.com\/es\/wp-json\/wp\/v2\/users\/1"}],"replies":[{"embeddable":true,"href":"https:\/\/southeastdivers.com\/es\/wp-json\/wp\/v2\/comments?post=1700"}],"version-history":[{"count":3,"href":"https:\/\/southeastdivers.com\/es\/wp-json\/wp\/v2\/pages\/1700\/revisions"}],"predecessor-version":[{"id":1865,"href":"https:\/\/southeastdivers.com\/es\/wp-json\/wp\/v2\/pages\/1700\/revisions\/1865"}],"wp:attachment":[{"href":"https:\/\/southeastdivers.com\/es\/wp-json\/wp\/v2\/media?parent=1700"}],"curies":[{"name":"wp","href":"https:\/\/api.w.org\/{rel}","templated":true}]}}