{"id":1287,"date":"2025-04-19T13:25:42","date_gmt":"2025-04-19T18:25:42","guid":{"rendered":"https:\/\/southeastdivers.com\/?page_id=1287"},"modified":"2025-09-30T11:49:55","modified_gmt":"2025-09-30T16:49:55","slug":"puerto-morelos-shipwreck-c-56","status":"publish","type":"page","link":"https:\/\/southeastdivers.com\/es\/puerto-morelos-shipwreck-c-56\/","title":{"rendered":"Barco Hundido C-56 Juan Escutia en Puerto Morelos: la fascinante c\u00e1psula del tiempo hundida"},"content":{"rendered":"<p>For scuba divers with a passion for wrecks, history, and marine life, the shipwreck C-56 Juan Escutia is one of the most fascinating dive sites along Mexico\u2019s Riviera Maya. Located just off the coast of the quiet town of Puerto Morelos (conveniently nestled between Canc\u00fan and Playa del Carmen) this sunken warship offers a unique opportunity to explore a piece of maritime history that\u2019s now fully embraced by the Caribbean Sea.<\/p>\n\n\n\n<h2 class=\"wp-block-heading\">Puerto Morelos Shipwreck<\/h2>\n\n\n\n<h2 class=\"wp-block-heading\">Sum\u00e9rgete en la historia: Explorando el naufragio del C-56 en Puerto Morelos<\/h2>\n\n\n\n<p>El C-56 es un antiguo buque de la Armada de los Estados Unidos, originalmente conocido como USS Knave (AM-256), un dragaminas construido durante la Segunda Guerra Mundial. Tras servir en la Armada de los Estados Unidos, fue transferido a la Armada de M\u00e9xico en la d\u00e9cada de 1960 y renombrado como Cadete Juan Escutia C-56 de la ARM. En el a\u00f1o 2000, como parte de una iniciativa para la creaci\u00f3n de arrecifes artificiales, el buque se hundi\u00f3 intencionalmente a unos 8 km de la costa de Puerto Morelos, convirti\u00e9ndolo en un sitio de buceo accesible y ecol\u00f3gico, dise\u00f1ado para fomentar el crecimiento de los corales y la biodiversidad marina.<\/p>\n\n\n\n<h2 class=\"wp-block-heading\">Un buceo retador<\/h2>\n\n\n\n<p>The wreck lies at a depth of around 27\u201330 meters (90\u2013100 feet), making it most suitable for advanced open water divers or those with deep diving certification. Due to its depth and occasional strong currents, it\u2019s often recommended to dive this site with Nitrox if you\u2019re certified, to extend bottom time and enhance safety.<\/p>\n\n\n\n<p>What makes the C-56 especially compelling is the balance between structure and sea life. The ship\u2019s silhouette is still impressively intact, and divers can explore its deck, gun mounts, control tower, and several safe swim-throughs in the cargo and engine areas. Over the years, the wreck has become a haven for marine life. You\u2019re likely to spot schools of barracuda, groupers, angelfish, and snappers swirling around the wreck, and if you\u2019re lucky, you might see eagle rays gliding by or turtles resting nearby. Coral and sponges have begun to cover the hull, adding color and texture to the metallic bones of the ship.<\/p>\n\n\n\n<p>La inmersi\u00f3n suele formar parte de un tour de dos tanques, generalmente acompa\u00f1ada de una inmersi\u00f3n posterior en el arrecife. La visibilidad suele ser excelente, de 15 a 30 metros seg\u00fan las condiciones meteorol\u00f3gicas, y la temperatura del agua se mantiene c\u00e1lida todo el a\u00f1o, entre 26 \u00b0C y 30 \u00b0C (78 \u00b0F y 87 \u00b0F).<\/p>\n\n\n\n<h2 class=\"wp-block-heading\"><a href=\"https:\/\/southeastdivers.com\/es\/dive-tours\/shipwreck\/\">Una experiencia \u00fanica<\/a><\/h2>\n\n\n\n<p>Diving the C-56 is not just a physical experience, it\u2019s an emotional one, too. Descending into the blue and watching the outline of the ship slowly appear beneath you is both thrilling and humbling. It\u2019s a chance to connect with history, appreciate the beauty of artificial reef development, and witness the resilience of marine ecosystems.<\/p>\n\n\n\n<p>Whether you\u2019re a seasoned wreck diver or just beginning to explore deeper waters, the C-56 offers an unforgettable adventure beneath the surface. Make sure to bring your dive computer, a good torch for peeking into shadowed compartments, and your camera if you\u2019re into underwater photography, this wreck is extremely photogenic and a unforgettable experience.<\/p>","protected":false},"excerpt":{"rendered":"<p>For scuba divers with a passion for wrecks, history, and marine life, the shipwreck C-56 Juan Escutia is one of the most fascinating dive sites along Mexico\u2019s Riviera Maya. Located just off the coast of the quiet town of Puerto Morelos (conveniently nestled between Canc\u00fan and Playa del Carmen) this sunken warship offers a unique [&hellip;]<\/p>\n","protected":false},"author":1,"featured_media":0,"parent":0,"menu_order":0,"comment_status":"closed","ping_status":"closed","template":"wp-custom-template-puerto-morelos-shipwreck-c56-juan-escutia-the-mesmerising-sunken-time-capsule","meta":{"footnotes":""},"class_list":["post-1287","page","type-page","status-publish","hentry"],"_links":{"self":[{"href":"https:\/\/southeastdivers.com\/es\/wp-json\/wp\/v2\/pages\/1287","targetHints":{"allow":["GET"]}}],"collection":[{"href":"https:\/\/southeastdivers.com\/es\/wp-json\/wp\/v2\/pages"}],"about":[{"href":"https:\/\/southeastdivers.com\/es\/wp-json\/wp\/v2\/types\/page"}],"author":[{"embeddable":true,"href":"https:\/\/southeastdivers.com\/es\/wp-json\/wp\/v2\/users\/1"}],"replies":[{"embeddable":true,"href":"https:\/\/southeastdivers.com\/es\/wp-json\/wp\/v2\/comments?post=1287"}],"version-history":[{"count":4,"href":"https:\/\/southeastdivers.com\/es\/wp-json\/wp\/v2\/pages\/1287\/revisions"}],"predecessor-version":[{"id":1883,"href":"https:\/\/southeastdivers.com\/es\/wp-json\/wp\/v2\/pages\/1287\/revisions\/1883"}],"wp:attachment":[{"href":"https:\/\/southeastdivers.com\/es\/wp-json\/wp\/v2\/media?parent=1287"}],"curies":[{"name":"wp","href":"https:\/\/api.w.org\/{rel}","templated":true}]}}